{"id":1347,"date":"2020-03-29T09:23:27","date_gmt":"2020-03-29T14:23:27","guid":{"rendered":"https:\/\/anandive.com\/retreat\/lexperience-plongee-sous-marine\/"},"modified":"2020-03-29T18:41:04","modified_gmt":"2020-03-29T23:41:04","slug":"experience-plongee-sous-marine","status":"publish","type":"page","link":"https:\/\/anandive.com\/fr\/experience-plongee-sous-marine\/","title":{"rendered":"L&rsquo;exp\u00e9rience Plong\u00e9e sous-marine"},"content":{"rendered":"","protected":false},"excerpt":{"rendered":"","protected":false},"author":1,"featured_media":0,"parent":0,"menu_order":0,"comment_status":"closed","ping_status":"closed","template":"","meta":[],"yoast_head":"<!-- This site is optimized with the Yoast SEO plugin v15.7 - https:\/\/yoast.com\/wordpress\/plugins\/seo\/ -->\n<title>L&#039;exp\u00e9rience Plong\u00e9e sous-marine &#8902; Retraite de yoga et de plong\u00e9e<\/title>\n<meta name=\"robots\" content=\"index, follow, max-snippet:-1, max-image-preview:large, max-video-preview:-1\" \/>\n<link rel=\"canonical\" href=\"https:\/\/anandive.com\/fr\/experience-plongee-sous-marine\/\" \/>\n<meta property=\"og:locale\" content=\"fr_FR\" \/>\n<meta property=\"og:type\" content=\"article\" \/>\n<meta property=\"og:title\" content=\"L&#039;exp\u00e9rience Plong\u00e9e sous-marine &#8902; Retraite de yoga et de plong\u00e9e\" \/>\n<meta property=\"og:url\" content=\"https:\/\/anandive.com\/fr\/experience-plongee-sous-marine\/\" \/>\n<meta property=\"og:site_name\" content=\"Retraite de yoga et de plong\u00e9e\" \/>\n<meta property=\"article:publisher\" content=\"https:\/\/web.facebook.com\/Anandive-Yoga-and-Scuba-Retreat-108857674099407\/\" \/>\n<meta property=\"article:modified_time\" content=\"2020-03-29T23:41:04+00:00\" \/>\n<meta property=\"og:image\" content=\"https:\/\/anandive.com\/retreat\/wp-content\/uploads\/2020\/02\/favicon.png\" \/>\n\t<meta property=\"og:image:width\" content=\"512\" \/>\n\t<meta property=\"og:image:height\" content=\"512\" \/>\n<meta name=\"twitter:card\" content=\"summary_large_image\" \/>\n<script type=\"application\/ld+json\" class=\"yoast-schema-graph\">{\"@context\":\"https:\/\/schema.org\",\"@graph\":[{\"@type\":\"Organization\",\"@id\":\"https:\/\/anandive.com\/#organization\",\"name\":\"ANANDIVE\",\"url\":\"https:\/\/anandive.com\/\",\"sameAs\":[\"https:\/\/web.facebook.com\/Anandive-Yoga-and-Scuba-Retreat-108857674099407\/\",\"https:\/\/www.instagram.com\/anandive_yogandive\/\"],\"logo\":{\"@type\":\"ImageObject\",\"@id\":\"https:\/\/anandive.com\/#logo\",\"inLanguage\":\"fr-FR\",\"url\":\"https:\/\/anandive.com\/retreat\/wp-content\/uploads\/2020\/02\/favicon.png\",\"width\":512,\"height\":512,\"caption\":\"ANANDIVE\"},\"image\":{\"@id\":\"https:\/\/anandive.com\/#logo\"}},{\"@type\":\"WebSite\",\"@id\":\"https:\/\/anandive.com\/#website\",\"url\":\"https:\/\/anandive.com\/\",\"name\":\"Yoga and Dive Retreat\",\"description\":\"Retraite Yoga + Plong\\u00e9e, tout inclus \\u00e0 Cozumel au Mexique\",\"publisher\":{\"@id\":\"https:\/\/anandive.com\/#organization\"},\"potentialAction\":[{\"@type\":\"SearchAction\",\"target\":\"https:\/\/anandive.com\/?s={search_term_string}\",\"query-input\":\"required name=search_term_string\"}],\"inLanguage\":\"fr-FR\"},{\"@type\":\"WebPage\",\"@id\":\"https:\/\/anandive.com\/fr\/experience-plongee-sous-marine\/#webpage\",\"url\":\"https:\/\/anandive.com\/fr\/experience-plongee-sous-marine\/\",\"name\":\"L'exp\\u00e9rience Plong\\u00e9e sous-marine &#8902; Retraite de yoga et de plong\\u00e9e\",\"isPartOf\":{\"@id\":\"https:\/\/anandive.com\/#website\"},\"datePublished\":\"2020-03-29T14:23:27+00:00\",\"dateModified\":\"2020-03-29T23:41:04+00:00\",\"breadcrumb\":{\"@id\":\"https:\/\/anandive.com\/fr\/experience-plongee-sous-marine\/#breadcrumb\"},\"inLanguage\":\"fr-FR\",\"potentialAction\":[{\"@type\":\"ReadAction\",\"target\":[\"https:\/\/anandive.com\/fr\/experience-plongee-sous-marine\/\"]}]},{\"@type\":\"BreadcrumbList\",\"@id\":\"https:\/\/anandive.com\/fr\/experience-plongee-sous-marine\/#breadcrumb\",\"itemListElement\":[{\"@type\":\"ListItem\",\"position\":1,\"item\":{\"@type\":\"WebPage\",\"@id\":\"https:\/\/anandive.com\/fr\/\",\"url\":\"https:\/\/anandive.com\/fr\/\",\"name\":\"Home\"}},{\"@type\":\"ListItem\",\"position\":2,\"item\":{\"@type\":\"WebPage\",\"@id\":\"https:\/\/anandive.com\/fr\/experience-plongee-sous-marine\/\",\"url\":\"https:\/\/anandive.com\/fr\/experience-plongee-sous-marine\/\",\"name\":\"L&rsquo;exp\\u00e9rience Plong\\u00e9e sous-marine\"}}]}]}<\/script>\n<!-- \/ Yoast SEO plugin. -->","_links":{"self":[{"href":"https:\/\/anandive.com\/fr\/wp-json\/wp\/v2\/pages\/1347"}],"collection":[{"href":"https:\/\/anandive.com\/fr\/wp-json\/wp\/v2\/pages"}],"about":[{"href":"https:\/\/anandive.com\/fr\/wp-json\/wp\/v2\/types\/page"}],"author":[{"embeddable":true,"href":"https:\/\/anandive.com\/fr\/wp-json\/wp\/v2\/users\/1"}],"replies":[{"embeddable":true,"href":"https:\/\/anandive.com\/fr\/wp-json\/wp\/v2\/comments?post=1347"}],"version-history":[{"count":1,"href":"https:\/\/anandive.com\/fr\/wp-json\/wp\/v2\/pages\/1347\/revisions"}],"predecessor-version":[{"id":1669,"href":"https:\/\/anandive.com\/fr\/wp-json\/wp\/v2\/pages\/1347\/revisions\/1669"}],"wp:attachment":[{"href":"https:\/\/anandive.com\/fr\/wp-json\/wp\/v2\/media?parent=1347"}],"curies":[{"name":"wp","href":"https:\/\/api.w.org\/{rel}","templated":true}]}}